{"id":2361,"date":"2024-12-29T11:14:11","date_gmt":"2024-12-29T10:14:11","guid":{"rendered":"https:\/\/www.petitmousse.be\/index.php\/about\/"},"modified":"2025-01-22T15:39:43","modified_gmt":"2025-01-22T14:39:43","slug":"about","status":"publish","type":"page","link":"https:\/\/www.petitmousse.be\/index.php\/about\/","title":{"rendered":"Qui est Petit Mousse ?"},"content":{"rendered":"\n<div class=\"wp-block-group alignfull is-layout-flow wp-block-group-is-layout-flow\" style=\"padding-top:0vw;padding-right:5vw;padding-bottom:5vw;padding-left:5vw\">\n<div class=\"wp-block-columns are-vertically-aligned-center is-layout-flex wp-container-core-columns-is-layout-28f84493 wp-block-columns-is-layout-flex\">\n<div class=\"wp-block-column is-vertically-aligned-center is-layout-flow wp-block-column-is-layout-flow\">\n<div class=\"wp-block-cover\" style=\"min-height:660px;aspect-ratio:unset;\"><span aria-hidden=\"true\" class=\"wp-block-cover__background has-background-dim-0 has-background-dim\" style=\"background-color:#7c7369\"><\/span><img loading=\"lazy\" decoding=\"async\" width=\"2560\" height=\"2560\" class=\"wp-block-cover__image-background wp-image-1774\" alt=\"\" src=\"https:\/\/www.petitmousse.be\/wp-content\/uploads\/2024\/01\/IMG_8715-scaled.jpeg\" data-object-fit=\"cover\" srcset=\"https:\/\/www.petitmousse.be\/wp-content\/uploads\/2024\/01\/IMG_8715-scaled.jpeg 2560w, https:\/\/www.petitmousse.be\/wp-content\/uploads\/2024\/01\/IMG_8715-scaled-500x500.jpeg 500w, https:\/\/www.petitmousse.be\/wp-content\/uploads\/2024\/01\/IMG_8715-scaled-150x150.jpeg 150w, https:\/\/www.petitmousse.be\/wp-content\/uploads\/2024\/01\/IMG_8715-scaled-1000x1000.jpeg 1000w, https:\/\/www.petitmousse.be\/wp-content\/uploads\/2024\/01\/IMG_8715-768x768.jpeg 768w, https:\/\/www.petitmousse.be\/wp-content\/uploads\/2024\/01\/IMG_8715-1536x1536.jpeg 1536w, https:\/\/www.petitmousse.be\/wp-content\/uploads\/2024\/01\/IMG_8715-2048x2048.jpeg 2048w\" sizes=\"auto, (max-width: 2560px) 100vw, 2560px\" \/><div class=\"wp-block-cover__inner-container is-layout-flow wp-block-cover-is-layout-flow\">\n<p class=\"has-text-align-center has-large-font-size\"><\/p>\n<\/div><\/div>\n<\/div>\n\n\n\n<div class=\"wp-block-column is-vertically-aligned-center is-layout-flow wp-block-column-is-layout-flow\" style=\"padding-top:2.65rem;padding-right:2.65rem;padding-bottom:2.65rem;padding-left:2.65rem\">\n<h2 class=\"wp-block-heading has-post-title-font-size\">Votre artisan fleuriste<\/h2>\n\n\n\n<hr class=\"wp-block-separator has-text-color has-color-2-color has-alpha-channel-opacity has-color-2-background-color has-background is-style-wide\"\/>\n\n\n\n<div style=\"height:50px\" aria-hidden=\"true\" class=\"wp-block-spacer\"><\/div>\n\n\n\n<p>La boutique a ouvert ses portes en juin 2022 dans le quartier des Squares de Bruxelles. <br>Adepte du Slow Flowers, Petit Mousse privil\u00e9gie le circuit-court en travaillant en direct avec des productrices passionn\u00e9es. Entre mars et octobre, les fleurs de vos bouquets ont pouss\u00e9 en pleine terre, \u00e0 maximum 50km de Bruxelles.<br>La proximit\u00e9 g\u00e9ographique et la taille humaine de ces exploitations offrent de tr\u00e8s nombreux avantages&nbsp;tant sur le plan \u00e9cologique que sur la fra\u00eecheur du produit. <br>Les fleurs du moment, parfois comestibles et surtout non calibr\u00e9es, rendent chaque cr\u00e9ation unique. <\/p>\n\n\n\n<ul class=\"wp-block-social-links is-style-logos-only is-layout-flex wp-block-social-links-is-layout-flex\"><li class=\"wp-social-link wp-social-link-instagram  wp-block-social-link\"><a href=\"https:\/\/www.instagram.com\/petit_mousse\/\" class=\"wp-block-social-link-anchor\"><svg width=\"24\" height=\"24\" viewBox=\"0 0 24 24\" version=\"1.1\" xmlns=\"http:\/\/www.w3.org\/2000\/svg\" aria-hidden=\"true\" focusable=\"false\"><path d=\"M12,4.622c2.403,0,2.688,0.009,3.637,0.052c0.877,0.04,1.354,0.187,1.671,0.31c0.42,0.163,0.72,0.358,1.035,0.673 c0.315,0.315,0.51,0.615,0.673,1.035c0.123,0.317,0.27,0.794,0.31,1.671c0.043,0.949,0.052,1.234,0.052,3.637 s-0.009,2.688-0.052,3.637c-0.04,0.877-0.187,1.354-0.31,1.671c-0.163,0.42-0.358,0.72-0.673,1.035 c-0.315,0.315-0.615,0.51-1.035,0.673c-0.317,0.123-0.794,0.27-1.671,0.31c-0.949,0.043-1.233,0.052-3.637,0.052 s-2.688-0.009-3.637-0.052c-0.877-0.04-1.354-0.187-1.671-0.31c-0.42-0.163-0.72-0.358-1.035-0.673 c-0.315-0.315-0.51-0.615-0.673-1.035c-0.123-0.317-0.27-0.794-0.31-1.671C4.631,14.688,4.622,14.403,4.622,12 s0.009-2.688,0.052-3.637c0.04-0.877,0.187-1.354,0.31-1.671c0.163-0.42,0.358-0.72,0.673-1.035 c0.315-0.315,0.615-0.51,1.035-0.673c0.317-0.123,0.794-0.27,1.671-0.31C9.312,4.631,9.597,4.622,12,4.622 M12,3 C9.556,3,9.249,3.01,8.289,3.054C7.331,3.098,6.677,3.25,6.105,3.472C5.513,3.702,5.011,4.01,4.511,4.511 c-0.5,0.5-0.808,1.002-1.038,1.594C3.25,6.677,3.098,7.331,3.054,8.289C3.01,9.249,3,9.556,3,12c0,2.444,0.01,2.751,0.054,3.711 c0.044,0.958,0.196,1.612,0.418,2.185c0.23,0.592,0.538,1.094,1.038,1.594c0.5,0.5,1.002,0.808,1.594,1.038 c0.572,0.222,1.227,0.375,2.185,0.418C9.249,20.99,9.556,21,12,21s2.751-0.01,3.711-0.054c0.958-0.044,1.612-0.196,2.185-0.418 c0.592-0.23,1.094-0.538,1.594-1.038c0.5-0.5,0.808-1.002,1.038-1.594c0.222-0.572,0.375-1.227,0.418-2.185 C20.99,14.751,21,14.444,21,12s-0.01-2.751-0.054-3.711c-0.044-0.958-0.196-1.612-0.418-2.185c-0.23-0.592-0.538-1.094-1.038-1.594 c-0.5-0.5-1.002-0.808-1.594-1.038c-0.572-0.222-1.227-0.375-2.185-0.418C14.751,3.01,14.444,3,12,3L12,3z M12,7.378 c-2.552,0-4.622,2.069-4.622,4.622S9.448,16.622,12,16.622s4.622-2.069,4.622-4.622S14.552,7.378,12,7.378z M12,15 c-1.657,0-3-1.343-3-3s1.343-3,3-3s3,1.343,3,3S13.657,15,12,15z M16.804,6.116c-0.596,0-1.08,0.484-1.08,1.08 s0.484,1.08,1.08,1.08c0.596,0,1.08-0.484,1.08-1.08S17.401,6.116,16.804,6.116z\"><\/path><\/svg><span class=\"wp-block-social-link-label screen-reader-text\">Instagram<\/span><\/a><\/li><\/ul>\n<\/div>\n<\/div>\n<\/div>\n\n\n\n<h2 class=\"wp-block-heading has-huge-font-size\">Mais il n&rsquo;y a pas de fleurs en hiver ?<\/h2>\n\n\n\n<p>Concr\u00e8tement, en Belgique, la saison des fleurs fra\u00eeches se termine \u00e0 l\u2019arriv\u00e9e de l\u2019automne.<br>Durant cette p\u00e9riode, les fleurs sont s\u00e9lectionn\u00e9es avec soin selon 3 crit\u00e8res :<\/p>\n\n\n\n<ul class=\"wp-block-list\">\n<li>la beaut\u00e9, fra\u00eecheur et qualit\u00e9 des fleurs, \u00e7a c\u2019est la base !<\/li>\n<\/ul>\n\n\n\n<ul class=\"wp-block-list\">\n<li>la proximit\u00e9 g\u00e9ographique : producteurs fran\u00e7ais, italiens, espagnols, portugais, allemands et hollandais uniquement pour limiter l\u2019impact du transport.<\/li>\n<\/ul>\n\n\n\n<ul class=\"wp-block-list\">\n<li>le label MPS-ABC : c\u2019est un label international qui vise \u00e0 mesurer l\u2019impact sur l\u2019environnement des productions horticoles. Inscrites dans une d\u00e9marche de d\u00e9veloppement durable, les entreprises certifi\u00e9es s\u2019engagent \u00e0 contr\u00f4ler certains facteurs sur leurs exploitations : eau, \u00e9nergie, fertilisants\u2026<\/li>\n<\/ul>\n\n\n\n<p>Aucun des maillons de la cha\u00eene n\u2019a d\u2019obligation en mati\u00e8re de tra\u00e7abilit\u00e9 et d&rsquo;\u00e9tiquetage\u2026 les initiatives sont purement personnelles et cela demande un r\u00e9el engagement. <\/p>\n\n\n\n<div class=\"wp-block-group alignfull is-layout-flow wp-block-group-is-layout-flow\" style=\"padding-top:6vw;padding-right:5vw;padding-bottom:5vw;padding-left:5vw\">\n<div class=\"wp-block-cover\" style=\"padding-top:5vw;padding-right:5vw;padding-bottom:5vw;padding-left:5vw\"><span aria-hidden=\"true\" class=\"wp-block-cover__background has-color-2-background-color has-background-dim-20 has-background-dim\"><\/span><img loading=\"lazy\" decoding=\"async\" width=\"2000\" height=\"600\" class=\"wp-block-cover__image-background wp-image-2529\" alt=\"\" src=\"https:\/\/www.petitmousse.be\/wp-content\/uploads\/2024\/12\/Travel-To-do-List-Docs-Banner-in-Blue-Green-Simple-Style.jpg\" data-object-fit=\"cover\" srcset=\"https:\/\/www.petitmousse.be\/wp-content\/uploads\/2024\/12\/Travel-To-do-List-Docs-Banner-in-Blue-Green-Simple-Style.jpg 2000w, https:\/\/www.petitmousse.be\/wp-content\/uploads\/2024\/12\/Travel-To-do-List-Docs-Banner-in-Blue-Green-Simple-Style-768x230.jpg 768w, https:\/\/www.petitmousse.be\/wp-content\/uploads\/2024\/12\/Travel-To-do-List-Docs-Banner-in-Blue-Green-Simple-Style-1536x461.jpg 1536w, https:\/\/www.petitmousse.be\/wp-content\/uploads\/2024\/12\/Travel-To-do-List-Docs-Banner-in-Blue-Green-Simple-Style-500x150.jpg 500w, https:\/\/www.petitmousse.be\/wp-content\/uploads\/2024\/12\/Travel-To-do-List-Docs-Banner-in-Blue-Green-Simple-Style-1000x300.jpg 1000w, https:\/\/www.petitmousse.be\/wp-content\/uploads\/2024\/12\/Travel-To-do-List-Docs-Banner-in-Blue-Green-Simple-Style-150x45.jpg 150w\" sizes=\"auto, (max-width: 2000px) 100vw, 2000px\" \/><div class=\"wp-block-cover__inner-container is-layout-flow wp-block-cover-is-layout-flow\">\n<div class=\"wp-block-media-text has-media-on-the-right is-stacked-on-mobile is-vertically-aligned-center is-image-fill-element\" style=\"grid-template-columns:auto 45%\"><div class=\"wp-block-media-text__content\">\n<h2 class=\"wp-block-heading has-huge-font-size\">Engagement qualit\u00e9<\/h2>\n\n\n\n<p>Petit Mousse est avant tout un petit commerce qui a pour vocation de proposer des produits et un service de qualit\u00e9 \u00e0 ses clients.<br><br>Quelle que soit la saison, l&rsquo;arrivage de fleurs est quotidien et nous y tenons beaucoup !<\/p>\n\n\n\n<div class=\"wp-block-group is-layout-constrained wp-block-group-is-layout-constrained\">\n<p>Cette gestion de stock a de nombreux avantages :<\/p>\n\n\n\n<ul class=\"wp-block-list\">\n<li>pas de gaspillage,<\/li>\n\n\n\n<li>pas de r\u00e9percussion des pertes sur le prix de vente, <\/li>\n\n\n\n<li>une place \u00e0 l&rsquo;inconnue pour stimuler la cr\u00e9ativit\u00e9,<\/li>\n\n\n\n<li>des bouquets qui durent plus longtemps chez vous !<\/li>\n<\/ul>\n<\/div>\n\n\n\n<div style=\"height:2rem\" aria-hidden=\"true\" class=\"wp-block-spacer\"><\/div>\n<\/div><figure class=\"wp-block-media-text__media\"><img loading=\"lazy\" decoding=\"async\" width=\"2560\" height=\"1920\" src=\"https:\/\/www.petitmousse.be\/wp-content\/uploads\/2024\/06\/P1011640-2560x1920.jpg\" alt=\"\" class=\"wp-image-2253 size-full\" style=\"object-position:50% 50%\" srcset=\"https:\/\/www.petitmousse.be\/wp-content\/uploads\/2024\/06\/P1011640-2560x1920.jpg 2560w, https:\/\/www.petitmousse.be\/wp-content\/uploads\/2024\/06\/P1011640-scaled-500x375.jpg 500w, https:\/\/www.petitmousse.be\/wp-content\/uploads\/2024\/06\/P1011640-scaled-150x113.jpg 150w, https:\/\/www.petitmousse.be\/wp-content\/uploads\/2024\/06\/P1011640-scaled-1000x750.jpg 1000w, https:\/\/www.petitmousse.be\/wp-content\/uploads\/2024\/06\/P1011640-768x576.jpg 768w, https:\/\/www.petitmousse.be\/wp-content\/uploads\/2024\/06\/P1011640-1536x1152.jpg 1536w, https:\/\/www.petitmousse.be\/wp-content\/uploads\/2024\/06\/P1011640-2048x1536.jpg 2048w\" sizes=\"auto, (max-width: 2560px) 100vw, 2560px\" \/><\/figure><\/div>\n<\/div><\/div>\n<\/div>\n","protected":false},"excerpt":{"rendered":"<p>Votre artisan fleuriste La boutique a ouvert ses portes en juin 2022 dans le quartier des Squares de Bruxelles. Adepte du Slow Flowers, Petit Mousse privil\u00e9gie le circuit-court en travaillant en direct avec des productrices passionn\u00e9es. Entre mars et octobre, les fleurs de vos bouquets ont pouss\u00e9 en pleine terre, \u00e0 maximum 50km de Bruxelles.La &#8230;<\/p>\n","protected":false},"author":1,"featured_media":0,"parent":0,"menu_order":0,"comment_status":"closed","ping_status":"closed","template":"","meta":{"footnotes":""},"class_list":["post-2361","page","type-page","status-publish","hentry"],"jetpack_sharing_enabled":true,"_links":{"self":[{"href":"https:\/\/www.petitmousse.be\/index.php\/wp-json\/wp\/v2\/pages\/2361","targetHints":{"allow":["GET"]}}],"collection":[{"href":"https:\/\/www.petitmousse.be\/index.php\/wp-json\/wp\/v2\/pages"}],"about":[{"href":"https:\/\/www.petitmousse.be\/index.php\/wp-json\/wp\/v2\/types\/page"}],"author":[{"embeddable":true,"href":"https:\/\/www.petitmousse.be\/index.php\/wp-json\/wp\/v2\/users\/1"}],"replies":[{"embeddable":true,"href":"https:\/\/www.petitmousse.be\/index.php\/wp-json\/wp\/v2\/comments?post=2361"}],"version-history":[{"count":9,"href":"https:\/\/www.petitmousse.be\/index.php\/wp-json\/wp\/v2\/pages\/2361\/revisions"}],"predecessor-version":[{"id":2578,"href":"https:\/\/www.petitmousse.be\/index.php\/wp-json\/wp\/v2\/pages\/2361\/revisions\/2578"}],"wp:attachment":[{"href":"https:\/\/www.petitmousse.be\/index.php\/wp-json\/wp\/v2\/media?parent=2361"}],"curies":[{"name":"wp","href":"https:\/\/api.w.org\/{rel}","templated":true}]}}