{"id":2396,"date":"2024-12-29T11:14:34","date_gmt":"2024-12-29T10:14:34","guid":{"rendered":"https:\/\/www.petitmousse.be\/index.php\/produit\/moisturizing-soothing-fluid\/"},"modified":"2025-01-19T15:57:15","modified_gmt":"2025-01-19T14:57:15","slug":"moisturizing-soothing-fluid","status":"publish","type":"product","link":"https:\/\/www.petitmousse.be\/index.php\/product\/moisturizing-soothing-fluid\/","title":{"rendered":"Abonnement pour les particuliers"},"content":{"rendered":"<h2>Comment prendre soin de votre bouquet ?<\/h2>\n<p>La dur\u00e9e de vie de vos fleurs d\u00e9pend principalement de l\u2019entretien et des soins apport\u00e9s au quotidien.<\/p>\n<p>D\u00e8s la r\u00e9ception, sortez le bouquet de l\u2019emballage et trouvez l\u2019emplacement parfait ! Pour cela, choisissez un endroit \u00e0 l\u2019abri des rayons directs du soleil ainsi que des courants d\u2019air. Pour ralentir l\u2019ouverture des fleurs, il faut \u00e9galement maintenir votre bouquet au frais, du moins loin des sources de chaleur (radiateurs et chemin\u00e9es).<br \/>\nEnfin, \u00e9vitez de les placer \u00e0 proximit\u00e9 d\u2019une corbeille de fruits ou de l\u00e9gumes afin de ne pas acc\u00e9l\u00e9rer le processus de maturation.<\/p>\n<div class=\"shop_content_section__column\">\n<div class=\"shop_content_section__element\">\n<div class=\"shop_content_section__rich-text\">\n<p>Le premier geste : nettoyez le vase de votre choix et essayez si possible de ne le remplir que sur 2 cm d\u2019eau, en vous assurant que toutes vos fleurs aient bien leur tige hydrat\u00e9e.<br \/>\nRenouvelez l\u2019eau tous les deux jours en prenant soin de bien nettoyer le vase. Coupez les tiges en biais sur les 2 \u00e0 3 centim\u00e8tres pour faciliter l\u2019absorption de l\u2019eau.<br \/>\nMunissez-vous d\u2019un s\u00e9cateur ou couteau aff\u00fbt\u00e9 et r\u00e9alisez une coupure nette.<\/p>\n<p>En r\u00e9sum\u00e9 : un vase propre, de l\u2019eau propre et une coupe nette des tiges tous les 2 jours.<\/p>\n<\/div>\n<\/div>\n<\/div>\n","protected":false},"excerpt":{"rendered":"<p>Des fleurs, encore et encore !<\/p>\n<p>Laissez-vous surprendre en recevant ou en offrant un bouquet unique au gr\u00e9 des saisons.<\/p>\n<p>Comment \u00e7a fonctionne ? Vous choisissez :<\/p>\n<ul>\n<li>la fr\u00e9quence \u00e0 laquelle vous souhaitez \u00eatre livr\u00e9.e&nbsp;: 1 fois par semaine, 1 fois tous les 15 jours ou 1 fois par mois,<\/li>\n<li>la taille du bouquet : \u00ab beaucoup \u00bb ou \u00ab passionn\u00e9ment \u00bb.<\/li>\n<li>l\u2019abonnement est pour 3 mois (12 semaines).<\/li>\n<\/ul>\n<p>Je vous contacte (vous ou la personne \u00e0 qui vous offrez l\u2019abonnement) avant la premi\u00e8re livraison afin de nous organiser, et voil\u00e0 !<br \/>\nSi vous avez un contretemps ou pr\u00e9voyez un d\u00e9part en vacances, un petit mail ou coup de t\u00e9l\u00e9phone et on d\u00e9cale.<\/p>\n<p>Les frais de livraison sont inclus dans le prix. Si vous (ou la personne \u00e0 qui vous l&rsquo;offrez) venez chercher les bouquets au magasin, ce montant sera compens\u00e9 en fleurs.<\/p>\n","protected":false},"featured_media":2419,"template":"","meta":[],"product_brand":[],"product_cat":[46],"product_tag":[],"class_list":{"0":"post-2396","1":"product","2":"type-product","3":"status-publish","4":"has-post-thumbnail","6":"product_cat-abonnement","8":"first","9":"instock","10":"taxable","11":"shipping-taxable","12":"purchasable","13":"product-type-variable"},"jetpack_sharing_enabled":true,"_links":{"self":[{"href":"https:\/\/www.petitmousse.be\/index.php\/wp-json\/wp\/v2\/product\/2396","targetHints":{"allow":["GET"]}}],"collection":[{"href":"https:\/\/www.petitmousse.be\/index.php\/wp-json\/wp\/v2\/product"}],"about":[{"href":"https:\/\/www.petitmousse.be\/index.php\/wp-json\/wp\/v2\/types\/product"}],"wp:featuredmedia":[{"embeddable":true,"href":"https:\/\/www.petitmousse.be\/index.php\/wp-json\/wp\/v2\/media\/2419"}],"wp:attachment":[{"href":"https:\/\/www.petitmousse.be\/index.php\/wp-json\/wp\/v2\/media?parent=2396"}],"wp:term":[{"taxonomy":"product_brand","embeddable":true,"href":"https:\/\/www.petitmousse.be\/index.php\/wp-json\/wp\/v2\/product_brand?post=2396"},{"taxonomy":"product_cat","embeddable":true,"href":"https:\/\/www.petitmousse.be\/index.php\/wp-json\/wp\/v2\/product_cat?post=2396"},{"taxonomy":"product_tag","embeddable":true,"href":"https:\/\/www.petitmousse.be\/index.php\/wp-json\/wp\/v2\/product_tag?post=2396"}],"curies":[{"name":"wp","href":"https:\/\/api.w.org\/{rel}","templated":true}]}}