{"id":2631,"date":"2025-03-13T13:56:42","date_gmt":"2025-03-13T12:56:42","guid":{"rendered":"https:\/\/www.petitmousse.be\/?post_type=product&#038;p=2631"},"modified":"2025-10-15T14:19:59","modified_gmt":"2025-10-15T12:19:59","slug":"jolie-carte","status":"publish","type":"product","link":"https:\/\/www.petitmousse.be\/index.php\/product\/jolie-carte\/","title":{"rendered":"Jolie carte"},"content":{"rendered":"<h2>Carte Season Paper<\/h2>\n<div id=\"tab-description\" class=\"woocommerce-Tabs-panel woocommerce-Tabs-panel--description panel entry-content wc-tab\" role=\"tabpanel\" aria-labelledby=\"tab-title-description\">\n<p>Studio de cr\u00e9ation et Maison d\u2019\u00e9dition, Season Paper est port\u00e9 par une \u00e9quipe \u00e0 taille humaine anim\u00e9e de valeurs communes qui cr\u00e9e des motifs joyeux et des objets bien pens\u00e9s.<\/p>\n<p>Toute la fabrication est fran\u00e7aise : les produits sont dessin\u00e9s \u00e0 Montreuil et faits en France par des artisans engag\u00e9s dans un processus de fabrication responsable.<\/p>\n<p>Un choix de mat\u00e9riaux respectueux : les papiers sont tous issus de for\u00eats g\u00e9r\u00e9es en Europe et les encres majoritairement v\u00e9g\u00e9tales.<\/p>\n<\/div>\n","protected":false},"excerpt":{"rendered":"<p>Verba volant, scripta manent.<\/p>\n","protected":false},"featured_media":2666,"template":"","meta":[],"product_brand":[],"product_cat":[44,41],"product_tag":[],"class_list":{"0":"post-2631","1":"product","2":"type-product","3":"status-publish","4":"has-post-thumbnail","6":"product_cat-botte","7":"product_cat-bouquet-frais","9":"first","10":"instock","11":"taxable","12":"shipping-taxable","13":"purchasable","14":"product-type-variable"},"jetpack_sharing_enabled":true,"_links":{"self":[{"href":"https:\/\/www.petitmousse.be\/index.php\/wp-json\/wp\/v2\/product\/2631","targetHints":{"allow":["GET"]}}],"collection":[{"href":"https:\/\/www.petitmousse.be\/index.php\/wp-json\/wp\/v2\/product"}],"about":[{"href":"https:\/\/www.petitmousse.be\/index.php\/wp-json\/wp\/v2\/types\/product"}],"wp:featuredmedia":[{"embeddable":true,"href":"https:\/\/www.petitmousse.be\/index.php\/wp-json\/wp\/v2\/media\/2666"}],"wp:attachment":[{"href":"https:\/\/www.petitmousse.be\/index.php\/wp-json\/wp\/v2\/media?parent=2631"}],"wp:term":[{"taxonomy":"product_brand","embeddable":true,"href":"https:\/\/www.petitmousse.be\/index.php\/wp-json\/wp\/v2\/product_brand?post=2631"},{"taxonomy":"product_cat","embeddable":true,"href":"https:\/\/www.petitmousse.be\/index.php\/wp-json\/wp\/v2\/product_cat?post=2631"},{"taxonomy":"product_tag","embeddable":true,"href":"https:\/\/www.petitmousse.be\/index.php\/wp-json\/wp\/v2\/product_tag?post=2631"}],"curies":[{"name":"wp","href":"https:\/\/api.w.org\/{rel}","templated":true}]}}